{"id":94,"date":"2020-09-09T12:25:08","date_gmt":"2020-09-09T12:25:08","guid":{"rendered":"https:\/\/oguztansel.bilkent.edu.tr\/en\/?page_id=94"},"modified":"2020-09-09T12:25:08","modified_gmt":"2020-09-09T12:25:08","slug":"article-submission-guidelines","status":"publish","type":"page","link":"https:\/\/oguztansel.bilkent.edu.tr\/en\/index.php\/oguz-tansel-symposium\/article-submission-guidelines\/","title":{"rendered":"Article Submission Guidelines"},"content":{"rendered":"\n<p><strong>Manuscript Form<\/strong><\/p>\n\n\n\n<p>Articles should be written on&nbsp; A4 stationary leaving a margin of 2.5 cm on all sides and with 1.5 spaced lines. Pages should not be numbered.<\/p>\n\n\n\n<p><strong>Title<\/strong><\/p>\n\n\n\n<p>* Title should be written&nbsp;&nbsp; on the first line with &nbsp;14 size Arial type, bold lettering . Title should be centered.<\/p>\n\n\n\n<p>* Only the first letter of each word in the title should be capitalized.<\/p>\n\n\n\n<p>* The Turkish title should be followed by the English title in the following line below.<\/p>\n\n\n\n<p><strong>Author\u2019s Name<\/strong><\/p>\n\n\n\n<ul><li>Author\u2019s&nbsp; (or authors\u2019) name should be written below the title after one blank one space, in 12 size Arial type&nbsp; and unbold lettering.<\/li><li>On the line below the author\u2019s name, her\/his institution where she is employed should be written&nbsp; in 12 size Arial type and unbold lettering.<\/li><li>Authors\u2019 academic title, university, faculty, department, and e-mail address should be written at the bottom of the first page&nbsp; as a footnote.<\/li><\/ul>\n\n\n\n<p><strong>Abstract<\/strong><\/p>\n\n\n\n<p>*Abstract of the article should be written&nbsp; in 10 size Arial type&nbsp; with 1.5 line &nbsp;&nbsp;&nbsp;&nbsp;&nbsp;&nbsp;&nbsp;&nbsp;&nbsp;&nbsp;&nbsp;&nbsp;&nbsp;&nbsp;&nbsp;&nbsp;&nbsp;&nbsp;&nbsp;&nbsp;&nbsp;spacing.<\/p>\n\n\n\n<p>* The abstract should be structured so as to include the purpose, method and&nbsp;&nbsp; conclusion of the article.<\/p>\n\n\n\n<p>*The abstract should be limited to 120 words.<\/p>\n\n\n\n<p>* Below the abstract&nbsp; a minimum of three or a maximum of six keywords should be included.<\/p>\n\n\n\n<p>* Below the abstract in Turkish,&nbsp; an English translation of it &nbsp;along with the keywords in English &nbsp;should be given.<\/p>\n\n\n\n<p><strong>Main Text<\/strong><\/p>\n\n\n\n<ul><li>The main text should be written in 11 size Arial type with 1.5 line spacing.<\/li><li>The main text should be comprised of the following sections: Introduction, Method, Findings, Conclusion and &nbsp;Discussion and References.<\/li><li>Subtitles should start without indentation and be written in 12 size, bold&nbsp; Arial type lettering.<\/li><\/ul>\n\n\n\n<p><strong>Tables and Figures&nbsp;<\/strong>(if there are any)<\/p>\n\n\n\n<ul><li>Tables and Figures should be arranged and&nbsp; placed inside the main text so as to be ready for printing.<\/li><li>Tables and Figures &nbsp;should be numbered consecutively and should bear a title.<\/li><li>Titles of Tables and Figures&nbsp; should start on the left margin, written in 11 size bold Arial type lettering.<\/li><li>Tables should not have any &nbsp;vertical lines; but, horizontal lines should be &nbsp;limited to three in number.<\/li><\/ul>\n\n\n\n<p><strong>Indicating a Reference Within the Text<\/strong><\/p>\n\n\n\n<ul><li>The source of any quotations from some other work should be indicated within paranthesis in the main text. That is citation should be in the main text not in the footnotes.<\/li><li>Inside the paranthesis&nbsp; there should be&nbsp; author\u2019s last name, year of publication and page number as in the following example : (Sever, 2013: 25).<\/li><li>If within the same paranthesis reference to more than one author is to be made, the &nbsp;authors should be cited in alphabetical order of the last names of the authors, in the manner below. Sample: (G\u00f6kt\u00fcrk, 1998; Uygur, 1985; Vygotsky, 1962).<\/li><li>When the original resource is not accessible, then the intermediate person can be cited as follows: (From Togan, 1981 cited in Duman, 2013: 75).<\/li><\/ul>\n\n\n\n<p><strong>Reference List<\/strong><\/p>\n\n\n\n<p>All &nbsp;works cited in the text should be included in the reference list<\/p>\n\n\n\n<p>All works in the reference list should be arranged by authors\u2019 &nbsp;last names in alphabetical order.<\/p>\n\n\n\n<p>Below are samples of citations of books, articles, papers, thesis work and dictionary in a reference list.<\/p>\n\n\n\n<p><strong>A Book by a Single Author:&nbsp;<\/strong>Sever, Sedat (2013)&nbsp;<em>\u00c7ocuk Edebiyat\u0131 ve Okuma K\u00fclt\u00fcr\u00fc.&nbsp;<\/em>\u0130zmir: Tudem yay\u0131nlar\u0131.<\/p>\n\n\n\n<p><strong>A Book by Several Authors:&nbsp;<\/strong>Sever,S., Kaya, Z. And Aslan, C. (2006)&nbsp;<em>Etkinliklerle T\u00fcrk\u00e7e \u00d6\u011fretimi.&nbsp;<\/em>Ankara: Morpa Yay\u0131nlar\u0131.<\/p>\n\n\n\n<p><strong>Section of a&nbsp; Book:<\/strong>Acan, F. (1996) \u201cT\u00fcrkiye\u2019de Kad\u0131n Akademisyenler: Tarihsel Evrim ve Bug\u00fcnk\u00fc Durum\u201d, H. Co\u015fkun (Ed.)&nbsp;<em>Akademik Ya\u015famda Kad\u0131n&nbsp;<\/em>(pp. 75-87). Ankara: T\u00fcrk-Alman K\u00fclt\u00fcr \u0130\u015fleri Yay\u0131n\u0131.<\/p>\n\n\n\n<p><strong>Translation Work:&nbsp;<\/strong>Duverger, M. (1986)&nbsp;<em>Sosyal Bilimlere Giri\u015f.&nbsp;<\/em>(Translated by: \u00dc. Oksay), Ankara: Bilgi Yay\u0131nevi.<\/p>\n\n\n\n<p><strong>Thesis Work:<\/strong>&nbsp;Karag\u00fcl, Sedat (2010) \u201c\u0130lk\u00f6\u011fretim 6-8 S\u0131n\u0131f \u00d6\u011frencilerinin T\u00fcrk\u00e7e Dersi \u00d6\u011fretim Program\u0131nda&nbsp; Belirtilen Yaz\u0131m ve Noktalama Kurallar\u0131n\u0131 Uygulayabilme D\u00fczeyi.\u201d Unpublished&nbsp; MA Thesis, Dokuz Eyl\u00fcl University, Institute of Education, \u0130zmir.<\/p>\n\n\n\n<p><strong>Dictionary:<\/strong>&nbsp;Academy of Sciences of Turkey (2011)&nbsp;<em>Turkish Dictionary of Scientific Terms&nbsp; in Social Sciences.&nbsp;<\/em>Ankara: Yeni Reform Matbaac\u0131l\u0131k.<\/p>\n\n\n\n<p><strong>Article:<\/strong>&nbsp;Sever, Sedat (2002) \u201c\u00d6\u011fretim Dili Olarak T\u00fcrk\u00e7enin Sorunlar\u0131 ve \u00d6\u011fretme-\u00d6\u011frenme S\u00fcrecindeki Etkili Yakla\u015f\u0131mlar\u201d,&nbsp;<em>Ankara \u00dcniversitesi E\u011fitim Bilimleri Fak\u00fcltesi Dergisi,&nbsp;<\/em>&nbsp;1-2: 15-18.<\/p>\n\n\n\n<p><strong>Proceedings Book:<\/strong>&nbsp;Sever,Sedat (2007) \u201cT\u00fcrk\u00e7e \u00d6\u011fretiminde Sanatsal Bir Uyaran Olarak Karikat\u00fcr\u00fcn Kullan\u0131m\u0131\u201d (pp. 222-229),&nbsp;<em>VI Ulusal S\u0131n\u0131f \u00d6\u011fretmenli\u011fi Sempozyumu Bildirileri Kitab\u0131.&nbsp;<\/em>Eski\u015fehir: Nobel Yay\u0131n Da\u011f\u0131t\u0131m.<\/p>\n","protected":false},"excerpt":{"rendered":"<p>Manuscript Form Articles should be written on&nbsp; A4 stationary leaving a margin of 2.5 cm on all sides and with 1.5 spaced lines. Pages should not be numbered. Title * Title should be written&nbsp;&nbsp; on the first line with &nbsp;14 size Arial type, bold lettering . Title should be centered. [\u2026] <\/p>\n<div class=\"clear\"><\/div>\n<p><a class=\"more_link clearfix\" href=\"https:\/\/oguztansel.bilkent.edu.tr\/en\/index.php\/oguz-tansel-symposium\/article-submission-guidelines\/\" rel=\"nofollow\">Read More<\/a><\/p>\n","protected":false},"author":1,"featured_media":0,"parent":65,"menu_order":0,"comment_status":"closed","ping_status":"closed","template":"page-templates\/template-full-width.php","meta":[],"_links":{"self":[{"href":"https:\/\/oguztansel.bilkent.edu.tr\/en\/index.php\/wp-json\/wp\/v2\/pages\/94"}],"collection":[{"href":"https:\/\/oguztansel.bilkent.edu.tr\/en\/index.php\/wp-json\/wp\/v2\/pages"}],"about":[{"href":"https:\/\/oguztansel.bilkent.edu.tr\/en\/index.php\/wp-json\/wp\/v2\/types\/page"}],"author":[{"embeddable":true,"href":"https:\/\/oguztansel.bilkent.edu.tr\/en\/index.php\/wp-json\/wp\/v2\/users\/1"}],"replies":[{"embeddable":true,"href":"https:\/\/oguztansel.bilkent.edu.tr\/en\/index.php\/wp-json\/wp\/v2\/comments?post=94"}],"version-history":[{"count":1,"href":"https:\/\/oguztansel.bilkent.edu.tr\/en\/index.php\/wp-json\/wp\/v2\/pages\/94\/revisions"}],"predecessor-version":[{"id":95,"href":"https:\/\/oguztansel.bilkent.edu.tr\/en\/index.php\/wp-json\/wp\/v2\/pages\/94\/revisions\/95"}],"up":[{"embeddable":true,"href":"https:\/\/oguztansel.bilkent.edu.tr\/en\/index.php\/wp-json\/wp\/v2\/pages\/65"}],"wp:attachment":[{"href":"https:\/\/oguztansel.bilkent.edu.tr\/en\/index.php\/wp-json\/wp\/v2\/media?parent=94"}],"curies":[{"name":"wp","href":"https:\/\/api.w.org\/{rel}","templated":true}]}}