{"id":86,"date":"2020-09-09T12:15:29","date_gmt":"2020-09-09T12:15:29","guid":{"rendered":"https:\/\/oguztansel.bilkent.edu.tr\/en\/?page_id=86"},"modified":"2020-09-09T12:15:29","modified_gmt":"2020-09-09T12:15:29","slug":"scientific-committe","status":"publish","type":"page","link":"https:\/\/oguztansel.bilkent.edu.tr\/en\/index.php\/oguz-tansel-symposium\/scientific-committe\/","title":{"rendered":"Scientific Committe"},"content":{"rendered":"\n<figure class=\"wp-block-table\"><table><tbody><tr><td><strong>Name<\/strong><\/td><td><strong>Institution<\/strong><\/td><td><strong>Country<\/strong><\/td><\/tr><tr><td>Prof. Dr. \u0130lhan&nbsp;<strong>BA\u015eG\u00d6Z<\/strong><\/td><td>Middle East Technical University<\/td><td>Turkey<\/td><\/tr><tr><td>Prof. Dr. Valentina&nbsp;<strong>BOLD<\/strong><\/td><td>University of Glasgow<\/td><td>Scotchland<\/td><\/tr><tr><td>Prof. Dr. Michel&nbsp;<strong>BOZDEM\u0130R<\/strong><\/td><td>P\u00f4le des Langues et Civillisations<\/td><td>France<\/td><\/tr><tr><td>Prof. Dr. Ray&nbsp;<strong>CASHMAN<\/strong><\/td><td>Indiana University<\/td><td>USA<\/td><\/tr><tr><td>Prof. Dr. Habib&nbsp;<strong>DERZ\u0130NEVES\u0130<\/strong><\/td><td>Yak\u0131n Do\u011fu \u00dcniversitesi<\/td><td>KKTC<\/td><\/tr><tr><td>Prof. Dr. Selahattin&nbsp;<strong>D\u0130L\u0130D\u00dcZG\u00dcN<\/strong><\/td><td>\u0130stanbul University<\/td><td>Turkey<\/td><\/tr><tr><td>Prof. Dr. Remy&nbsp;<strong>DOR<\/strong><\/td><td>EHESS\/College de France<\/td><td>France<\/td><\/tr><tr><td>Prof. Dr. Haluk&nbsp;<strong>ERDEM<\/strong><\/td><td>University of Ankara (\u00c7OGEM)<\/td><td>Turkey<\/td><\/tr><tr><td>Prof. Dr. Hans-Heino&nbsp;<strong>EWERS<\/strong><\/td><td>J. W. Goethe Universtate<\/td><td>Germary<\/td><\/tr><tr><td>Prof. Dr. Metin&nbsp;<strong>KARADA\u011e<\/strong><\/td><td>International U. Of Cyprus<\/td><td>N. Cyprus<\/td><\/tr><tr><td>Prof. Dr. Yasemin&nbsp;<strong>KARAMAN<\/strong>&nbsp;<strong>KEPENEKC\u0130<\/strong><\/td><td>University of Ankara (\u00c7OGEM)<\/td><td>Turkey<\/td><\/tr><tr><td>Prof. Dr. Cahit&nbsp;<strong>KAVCAR<\/strong><\/td><td>University of Ankara<\/td><td>Turkey<\/td><\/tr><tr><td>Prof. Dr. Muhtar&nbsp;<strong>KUTLU<\/strong><\/td><td>University of Ankara<\/td><td>Turkey<\/td><\/tr><tr><td>Prof. Dr. Felicity&nbsp;<strong>LUFKIN<\/strong><\/td><td>Harvard University<\/td><td>USA<\/td><\/tr><tr><td>Prof. Dr. Mohsun&nbsp;<strong>NAG\u0130SOYLU<\/strong><\/td><td>Azerbaijan N. Academy of Sciences<\/td><td>Azerbaijan<\/td><\/tr><tr><td>Prof. Dr. Michele&nbsp;<strong>NICOLES<\/strong><\/td><td>Centre N. de la Recherche Scientifique<\/td><td>France<\/td><\/tr><tr><td>Prof. Dr. Eunkyung&nbsp;<strong>OH<\/strong><\/td><td>Dongduk Wolen\u2019s University<\/td><td>S. Korea<\/td><\/tr><tr><td>Prof. Dr. Bedriye&nbsp;<strong>\u00d6NC\u00dc \u00c7ET\u0130NKAYA<\/strong><\/td><td>University of Ankara (\u00c7OGEM)<\/td><td>Turkey<\/td><\/tr><tr><td>Prof. Dr. Murat&nbsp;<strong>\u00d6ZBAY<\/strong><\/td><td>Gazi University<\/td><td>Turkey<\/td><\/tr><tr><td>Prof. Dr. Maria Ines&nbsp;<strong>PALLEIRO<\/strong><\/td><td>Buenos Aires University<\/td><td>Argentina<\/td><\/tr><tr><td>Prof. Dr. Sedat&nbsp;<strong>SEVER<\/strong><\/td><td>University of Ankara (\u00c7OGEM)<\/td><td>Turkey<\/td><\/tr><tr><td>Prof. Dr. Paul&nbsp;<strong>SMITH<\/strong><\/td><td>Memorial University<\/td><td>Canada<\/td><\/tr><tr><td>Prof. Dr. Babahan&nbsp;<strong>\u015eER\u0130F<\/strong><\/td><td>Ta\u015fkent University<\/td><td>Uzbekistan<\/td><\/tr><tr><td>Associate Prof. Dr. \u00d6mer&nbsp;<strong>ADIG\u00dcZEL<\/strong><\/td><td>University of Ankara (\u00c7OGEM)<\/td><td>Turkey<\/td><\/tr><tr><td>Associate Prof. Dr. Nevin&nbsp;<strong>AKKAYA<\/strong><\/td><td>September Ninth University<\/td><td>Turkey<\/td><\/tr><tr><td>Associate Prof. Dr. Fedora&nbsp;<strong>ARNAUT<\/strong><\/td><td>Kiev N. Taras Sevchenko U.<\/td><td>Ukraine<\/td><\/tr><tr><td>Associate Prof. Dr. Canan&nbsp;<strong>ASLAN<\/strong><\/td><td>University of Ankara (\u00c7OGEM)<\/td><td>Turkey<\/td><\/tr><tr><td>Associate Prof. Dr. Bayram&nbsp;<strong>BA\u015e<\/strong><\/td><td>Y\u0131ld\u0131z Technical University<\/td><td>Turkey<\/td><\/tr><tr><td>Associate Prof. Dr. Iryna&nbsp;<strong>DRYGA<\/strong><\/td><td>Ukraine N. Academy of Sciences<\/td><td>Ukraine<\/td><\/tr><tr><td>Associate Prof. Dr. Elmira&nbsp;<strong>MEMMEDOVA-KEKE\u00c7<\/strong><\/td><td>Azerbaijan N. Academy of Sciences<\/td><td>Azerbaijan<\/td><\/tr><tr><td>Associate Prof. Dr. \u015eevket&nbsp;<strong>\u00d6ZNUR<\/strong><\/td><td>Near Eastern University<\/td><td>N. Cyprus<\/td><\/tr><tr><td>Associate Prof. Dr. Dilber&nbsp;<strong>ULA\u015e<\/strong><\/td><td>University of Ankara (\u00c7OGEM)<\/td><td>Turkey<\/td><\/tr><tr><td>Associate Prof. Dr. Grazyna&nbsp;<strong>ZAJAC<\/strong><\/td><td>Institut Orientalistky Uj<\/td><td>Poland<\/td><\/tr><tr><td>Asst. Prof. Dr. Kevser&nbsp;<strong>KO\u00c7<\/strong><\/td><td>Gaziantep University<\/td><td>Turkey<\/td><\/tr><tr><td>Dr. Claudia&nbsp;<strong>PECHER<\/strong><\/td><td>J. W. Goethe Univernsitat<\/td><td>Germany<\/td><\/tr><tr><td>Emin&nbsp;<strong>\u00d6ZDEM\u0130R<\/strong><\/td><td>University of Ankara<\/td><td>Turkey<\/td><\/tr><tr><td>Mustafa Ruhi&nbsp;<strong>\u015e\u0130R\u0130N<\/strong><\/td><td>President of Children\u2019s Foundation<\/td><td>Turkey<\/td><\/tr><\/tbody><\/table><\/figure>\n","protected":false},"excerpt":{"rendered":"<p>Name Institution Country Prof. Dr. \u0130lhan&nbsp;BA\u015eG\u00d6Z Middle East Technical University Turkey Prof. Dr. Valentina&nbsp;BOLD University of Glasgow Scotchland Prof. Dr. Michel&nbsp;BOZDEM\u0130R P\u00f4le des Langues et Civillisations France Prof. Dr. Ray&nbsp;CASHMAN Indiana University USA Prof. Dr. Habib&nbsp;DERZ\u0130NEVES\u0130 Yak\u0131n Do\u011fu \u00dcniversitesi KKTC Prof. Dr. Selahattin&nbsp;D\u0130L\u0130D\u00dcZG\u00dcN \u0130stanbul University Turkey Prof. Dr. Remy&nbsp;DOR EHESS\/College [\u2026] <\/p>\n<div class=\"clear\"><\/div>\n<p><a class=\"more_link clearfix\" href=\"https:\/\/oguztansel.bilkent.edu.tr\/en\/index.php\/oguz-tansel-symposium\/scientific-committe\/\" rel=\"nofollow\">Read More<\/a><\/p>\n","protected":false},"author":1,"featured_media":0,"parent":65,"menu_order":0,"comment_status":"closed","ping_status":"closed","template":"page-templates\/template-full-width.php","meta":[],"_links":{"self":[{"href":"https:\/\/oguztansel.bilkent.edu.tr\/en\/index.php\/wp-json\/wp\/v2\/pages\/86"}],"collection":[{"href":"https:\/\/oguztansel.bilkent.edu.tr\/en\/index.php\/wp-json\/wp\/v2\/pages"}],"about":[{"href":"https:\/\/oguztansel.bilkent.edu.tr\/en\/index.php\/wp-json\/wp\/v2\/types\/page"}],"author":[{"embeddable":true,"href":"https:\/\/oguztansel.bilkent.edu.tr\/en\/index.php\/wp-json\/wp\/v2\/users\/1"}],"replies":[{"embeddable":true,"href":"https:\/\/oguztansel.bilkent.edu.tr\/en\/index.php\/wp-json\/wp\/v2\/comments?post=86"}],"version-history":[{"count":1,"href":"https:\/\/oguztansel.bilkent.edu.tr\/en\/index.php\/wp-json\/wp\/v2\/pages\/86\/revisions"}],"predecessor-version":[{"id":87,"href":"https:\/\/oguztansel.bilkent.edu.tr\/en\/index.php\/wp-json\/wp\/v2\/pages\/86\/revisions\/87"}],"up":[{"embeddable":true,"href":"https:\/\/oguztansel.bilkent.edu.tr\/en\/index.php\/wp-json\/wp\/v2\/pages\/65"}],"wp:attachment":[{"href":"https:\/\/oguztansel.bilkent.edu.tr\/en\/index.php\/wp-json\/wp\/v2\/media?parent=86"}],"curies":[{"name":"wp","href":"https:\/\/api.w.org\/{rel}","templated":true}]}}