{"id":108,"date":"2020-09-09T12:36:58","date_gmt":"2020-09-09T12:36:58","guid":{"rendered":"https:\/\/oguztansel.bilkent.edu.tr\/en\/?page_id=108"},"modified":"2020-09-09T12:36:58","modified_gmt":"2020-09-09T12:36:58","slug":"symposium-opening-ceremony","status":"publish","type":"page","link":"https:\/\/oguztansel.bilkent.edu.tr\/en\/index.php\/oguz-tansel-symposium\/symposium-opening-ceremony\/","title":{"rendered":"Symposium Opening Ceremony"},"content":{"rendered":"\n<figure class=\"wp-block-embed-youtube wp-block-embed is-type-video is-provider-youtube wp-embed-aspect-4-3 wp-has-aspect-ratio\"><div class=\"wp-block-embed__wrapper\">\n<iframe title=\"O\u011fuz Tansel Sempozyumu A\u00e7\u0131l\u0131\u015f\" width=\"740\" height=\"555\" src=\"https:\/\/www.youtube.com\/embed\/mKUEuifYbAM?feature=oembed\" frameborder=\"0\" allow=\"accelerometer; autoplay; encrypted-media; gyroscope; picture-in-picture\" allowfullscreen><\/iframe>\n<\/div><\/figure>\n","protected":false},"excerpt":{"rendered":"","protected":false},"author":1,"featured_media":0,"parent":65,"menu_order":0,"comment_status":"closed","ping_status":"closed","template":"page-templates\/template-full-width.php","meta":[],"_links":{"self":[{"href":"https:\/\/oguztansel.bilkent.edu.tr\/en\/index.php\/wp-json\/wp\/v2\/pages\/108"}],"collection":[{"href":"https:\/\/oguztansel.bilkent.edu.tr\/en\/index.php\/wp-json\/wp\/v2\/pages"}],"about":[{"href":"https:\/\/oguztansel.bilkent.edu.tr\/en\/index.php\/wp-json\/wp\/v2\/types\/page"}],"author":[{"embeddable":true,"href":"https:\/\/oguztansel.bilkent.edu.tr\/en\/index.php\/wp-json\/wp\/v2\/users\/1"}],"replies":[{"embeddable":true,"href":"https:\/\/oguztansel.bilkent.edu.tr\/en\/index.php\/wp-json\/wp\/v2\/comments?post=108"}],"version-history":[{"count":1,"href":"https:\/\/oguztansel.bilkent.edu.tr\/en\/index.php\/wp-json\/wp\/v2\/pages\/108\/revisions"}],"predecessor-version":[{"id":109,"href":"https:\/\/oguztansel.bilkent.edu.tr\/en\/index.php\/wp-json\/wp\/v2\/pages\/108\/revisions\/109"}],"up":[{"embeddable":true,"href":"https:\/\/oguztansel.bilkent.edu.tr\/en\/index.php\/wp-json\/wp\/v2\/pages\/65"}],"wp:attachment":[{"href":"https:\/\/oguztansel.bilkent.edu.tr\/en\/index.php\/wp-json\/wp\/v2\/media?parent=108"}],"curies":[{"name":"wp","href":"https:\/\/api.w.org\/{rel}","templated":true}]}}