{"id":27,"date":"2020-09-09T13:33:49","date_gmt":"2020-09-09T13:33:49","guid":{"rendered":"https:\/\/oguztansel.bilkent.edu.tr\/de\/?page_id=27"},"modified":"2020-09-09T13:33:49","modified_gmt":"2020-09-09T13:33:49","slug":"der-preisrichter","status":"publish","type":"page","link":"https:\/\/oguztansel.bilkent.edu.tr\/de\/index.php\/literarischer-preis\/der-preisrichter\/","title":{"rendered":"Der Preisrichter"},"content":{"rendered":"\n<p><strong>DIE MITGLIEDERN DES PREISGERICHT DES O\u011eUZ TANSEL LITERATURE<br>PREIS F\u00dcR DEN FOLGENDEN JAHREN FINDET MAN NUR IN DER T\u00dcRKISCHE TEIL<\/strong><\/p>\n\n\n\n<p>Die Mitgliedern des Preisgericht im Jahr 2018 f\u00fcr Folklore:<\/p>\n\n\n\n<p><strong>Prof. Dr. Serpil Ayg\u00fcn Cengiz, Prof. Dr. Cevat Geray (Ba\u015fkan), \u0130lhan G\u00fclek, Prof. Dr. Metin Karada\u011f, Metin Turan&nbsp;<\/strong><\/p>\n\n\n\n<p>Die Mitgliedern des Preisgericht im Jahr 2017 f\u00fcr Kinder Literatur:<\/p>\n\n\n\n<p><strong>Prof. Dr. Cevat Geray (Ba\u015fkan), Prof. Dr. Sedat Sever, Prof. Dr. Medine Sivri, \u0130lhan G\u00fclek, Metin Turan<\/strong><\/p>\n\n\n\n<p>Die Mitgliedern des Preisgerict im Jahr 2016 f\u00fcr Poesie:<\/p>\n\n\n\n<p><strong>M\u00fcslim \u00c7elik, Erg\u00fcl \u00c7etin, Prof. Dr. Cevat Geray (Ba\u015fkan), \u0130lhan G\u00fclek&nbsp;<\/strong>ve<strong>&nbsp;Metin&nbsp;Turan<\/strong><\/p>\n\n\n\n<p>Die Mitgliedern des Preisgericht im Jahr 2015 f\u00fcr Folklore:<\/p>\n\n\n\n<p><strong>Prof. Dr. Cevat Geray (Ba\u015fkan), \u0130lhan G\u00fclek, Prof. Dr. Aynur Ko\u00e7ak, Prof. Dr.&nbsp;Muhtar Kutlu, Prof. Dr. Ali Yak\u0131c\u0131&nbsp;<\/strong>ve<strong>&nbsp;Metin Turan<\/strong><\/p>\n\n\n\n<p>Die Mitgliedern des Preisgericht im Jahr 2014 f\u00fcr Kinder Literatur:<\/p>\n\n\n\n<p><strong>Prof. Dr. Cevat Geray (Ba\u015fkan), Prof. Dr. Sedat Sever, Do\u00e7. Dr. Medine Sivri,&nbsp;\u0130lhan G\u00fclek&nbsp;<\/strong>ve<strong>&nbsp;Metin Turan.<\/strong><\/p>\n\n\n\n<p>Die Mitgliedern des Preisgericht im Jahr 2013 f\u00fcr Poesie:<\/p>\n\n\n\n<p><strong>Eray Canberk, Refik Durba\u015f, Prof. Dr. Cevat Geray (Ba\u015fkan), \u0130lhan G\u00fclek,&nbsp;<\/strong>ve<strong>&nbsp;Metin Turan.<\/strong><\/p>\n\n\n\n<p>Die Mitgliedern des Preisgericht im Jahr 2012 f\u00fcr Folklore:<\/p>\n\n\n\n<p><strong>Prof. Dr. Ali R\u0131za Balaman, Prof. Dr. \u0130lhan Ba\u015fg\u00f6z, Prof. Dr. Cevat Geray&nbsp;(Ba\u015fkan), \u0130lhan G\u00fclek, Prof. Dr. Muhtar Kutlu, Prof. Dr. Arzu \u00d6zt\u00fcrkmen&nbsp;<\/strong>ve<strong>&nbsp;Metin&nbsp;Turan.<\/strong><\/p>\n\n\n\n<p>Die Mitgliedern des Preisgericht im Jahr 2011f\u00fcr Kinder Literatur:<\/p>\n\n\n\n<p><strong>Alper Ak\u00e7am, Prof. Dr. Cevat Geray (Ba\u015fkan), Hidayet Karaku\u015f, Prof. Dr. Sedat&nbsp;Sever&nbsp;<\/strong>ve<strong>&nbsp;Metin Turan<\/strong><\/p>\n\n\n\n<p>Die Mitgliedern des Preisgericht im Jahr 2010 f\u00fcr Folklore:<\/p>\n\n\n\n<p><strong>Prof. Dr. Ali R\u0131za Balaman, Prof. Dr. \u0130lhan Ba\u015fg\u00f6z, Prof. Dr. Cevat Geray&nbsp;(Ba\u015fkan), \u0130lhan G\u00fclek, Do\u00e7. Dr. Muhtar Kutlu, Do\u00e7 Dr. N\u00fcket T\u00f6r&nbsp;<\/strong>ve<strong>&nbsp;Metin Turan.<\/strong><\/p>\n\n\n\n<p>Die Mitgliedern desPreisgericht im Jahr 2009 f\u00fcr Poesie:<\/p>\n\n\n\n<p><strong>Prof. Dr. Cevat Geray (Ba\u015fkan), G\u00fcnay G\u00fcner, Remzi \u0130nan\u00e7, Naz\u0131m Mutlu,&nbsp;Ahmet \u00d6zer, Ertu\u011frul \u00d6z\u00fcayd\u0131n, A. Kadir Paksoy, Prof. Dr. Sedat Sever&nbsp;<\/strong>ve<strong>&nbsp;Metin&nbsp;Turan.<\/strong><\/p>\n","protected":false},"excerpt":{"rendered":"<p>DIE MITGLIEDERN DES PREISGERICHT DES O\u011eUZ TANSEL LITERATUREPREIS F\u00dcR DEN FOLGENDEN JAHREN FINDET MAN NUR IN DER T\u00dcRKISCHE TEIL Die Mitgliedern des Preisgericht im Jahr 2018 f\u00fcr Folklore: Prof. Dr. Serpil Ayg\u00fcn Cengiz, Prof. Dr. Cevat Geray (Ba\u015fkan), \u0130lhan G\u00fclek, Prof. Dr. Metin Karada\u011f, Metin Turan&nbsp; Die Mitgliedern des Preisgericht [\u2026] <\/p>\n<div class=\"clear\"><\/div>\n<p><a class=\"more_link clearfix\" href=\"https:\/\/oguztansel.bilkent.edu.tr\/de\/index.php\/literarischer-preis\/der-preisrichter\/\" rel=\"nofollow\">Read More<\/a><\/p>\n","protected":false},"author":1,"featured_media":0,"parent":23,"menu_order":0,"comment_status":"closed","ping_status":"closed","template":"page-templates\/template-full-width.php","meta":[],"_links":{"self":[{"href":"https:\/\/oguztansel.bilkent.edu.tr\/de\/index.php\/wp-json\/wp\/v2\/pages\/27"}],"collection":[{"href":"https:\/\/oguztansel.bilkent.edu.tr\/de\/index.php\/wp-json\/wp\/v2\/pages"}],"about":[{"href":"https:\/\/oguztansel.bilkent.edu.tr\/de\/index.php\/wp-json\/wp\/v2\/types\/page"}],"author":[{"embeddable":true,"href":"https:\/\/oguztansel.bilkent.edu.tr\/de\/index.php\/wp-json\/wp\/v2\/users\/1"}],"replies":[{"embeddable":true,"href":"https:\/\/oguztansel.bilkent.edu.tr\/de\/index.php\/wp-json\/wp\/v2\/comments?post=27"}],"version-history":[{"count":1,"href":"https:\/\/oguztansel.bilkent.edu.tr\/de\/index.php\/wp-json\/wp\/v2\/pages\/27\/revisions"}],"predecessor-version":[{"id":28,"href":"https:\/\/oguztansel.bilkent.edu.tr\/de\/index.php\/wp-json\/wp\/v2\/pages\/27\/revisions\/28"}],"up":[{"embeddable":true,"href":"https:\/\/oguztansel.bilkent.edu.tr\/de\/index.php\/wp-json\/wp\/v2\/pages\/23"}],"wp:attachment":[{"href":"https:\/\/oguztansel.bilkent.edu.tr\/de\/index.php\/wp-json\/wp\/v2\/media?parent=27"}],"curies":[{"name":"wp","href":"https:\/\/api.w.org\/{rel}","templated":true}]}}